{"id":1043,"date":"2026-02-15T20:13:36","date_gmt":"2026-02-15T20:13:36","guid":{"rendered":"https:\/\/centrokaizen.cl\/bienvenidos\/?page_id=1043"},"modified":"2026-02-15T20:22:43","modified_gmt":"2026-02-15T20:22:43","slug":"mision","status":"publish","type":"page","link":"https:\/\/centrokaizen.cl\/?page_id=1043","title":{"rendered":"NOSOTROS"},"content":{"rendered":"\n<hr class=\"wp-block-separator has-text-color has-vivid-cyan-blue-color has-alpha-channel-opacity has-vivid-cyan-blue-background-color has-background is-style-wide\"\/>\n\n\n\n<h2 class=\"wp-block-heading\"><br><strong>Misi\u00f3n:<\/strong><\/h2>\n\n\n\n<p>Entregar atenci\u00f3n cl\u00ednica integral de excelencia, caracterizada por un trato personalizado, humano y \u00e9tico. Nuestro enfoque, centrado en la persona y basado en evidencia cient\u00edfica, tiene como fin favorecer el bienestar psicol\u00f3gico y emocional a lo largo de todo su ciclo vital. Para ello, trabajamos de manera articulada con sus redes de apoyo y los agentes comunitarios necesarios.<\/p>\n\n\n\n<hr class=\"wp-block-separator has-text-color has-vivid-cyan-blue-color has-alpha-channel-opacity has-vivid-cyan-blue-background-color has-background is-style-wide\"\/>\n\n\n\n<h2 class=\"wp-block-heading\"><strong><strong>Visi\u00f3n<\/strong><\/strong><\/h2>\n\n\n\n<p>Consolidarnos como un centro cl\u00ednico de especialidades en salud mental, reconocido por nuestra excelencia profesional, enfoque humano y s\u00f3lida vocaci\u00f3n de servicio. Aspiramos a contribuir activamente al fortalecimiento del bienestar psicol\u00f3gico y emocional de la poblaci\u00f3n mediante la implementaci\u00f3n de un modelo de atenci\u00f3n centrado en la persona y el trabajo colaborativo en red.<\/p>\n\n\n\n<hr class=\"wp-block-separator has-text-color has-vivid-cyan-blue-color has-alpha-channel-opacity has-vivid-cyan-blue-background-color has-background is-style-wide\"\/>\n\n\n\n<h2 class=\"wp-block-heading\"><strong><strong><strong>Nuestros Valores<\/strong><\/strong><\/strong><\/h2>\n\n\n\n<p><strong>Calidad y Excelencia Cl\u00ednica<\/strong><\/p>\n\n\n\n<p>Compromiso con un servicio de alto est\u00e1ndar, fundamentado en pr\u00e1cticas actualizadas, supervisadas y basadas en evidencia cient\u00edfica.<\/p>\n\n\n\n<p><strong>Humanidad y \u00c9tica<\/strong><\/p>\n\n\n\n<p>Accionar guiado por el respeto a la dignidad, confidencialidad y responsabilidad profesional del paciente.<\/p>\n\n\n\n<p><strong>Compromiso y Cercan\u00eda Emp\u00e1tica<\/strong><\/p>\n\n\n\n<p>Ofrecemos un acompa\u00f1amiento continuo, cercano y emp\u00e1tico, dedicado al bienestar y proceso de recuperaci\u00f3n de cada persona.<\/p>\n\n\n\n<p><strong>Inclusi\u00f3n y Valoraci\u00f3n de la Diversidad<\/strong><\/p>\n\n\n\n<p>Respetamos y valoramos activamente la singularidad de cada individuo, asegurando un espacio seguro e inclusivo para todos.<\/p>\n\n\n\n<p><strong>Enfoque Integral y Contextual<\/strong><\/p>\n\n\n\n<p>Abordamos integralmente al individuo, considerando su contexto familiar, social y cultural para un tratamiento completo y efectivo.<\/p>\n\n\n\n<p><strong>Trabajo Colaborativo y Vinculaci\u00f3n Comunitaria<\/strong><\/p>\n\n\n\n<p>Fomentamos la coordinaci\u00f3n efectiva con redes de apoyo, agentes comunitarios e instituciones, reconociendo la importancia del trabajo interdisciplinario.<\/p>\n\n\n\n<p><\/p>\n","protected":false},"excerpt":{"rendered":"<p>Misi\u00f3n: Entregar atenci\u00f3n cl\u00ednica integral de excelencia, caracterizada por un trato personalizado, humano y \u00e9tico. Nuestro enfoque, centrado en la persona y basado en evidencia cient\u00edfica, tiene como fin favorecer el bienestar psicol\u00f3gico y emocional a lo largo de todo su ciclo vital. Para ello, trabajamos de manera articulada con sus redes de apoyo y &hellip; <\/p>\n<p class=\"link-more\"><a href=\"https:\/\/centrokaizen.cl\/?page_id=1043\" class=\"more-link\">Continuar leyendo<span class=\"screen-reader-text\"> \u00abNOSOTROS\u00bb<\/span><\/a><\/p>\n","protected":false},"author":2,"featured_media":1045,"parent":0,"menu_order":0,"comment_status":"closed","ping_status":"closed","template":"","meta":{"footnotes":""},"class_list":["post-1043","page","type-page","status-publish","has-post-thumbnail","hentry"],"_links":{"self":[{"href":"https:\/\/centrokaizen.cl\/index.php?rest_route=\/wp\/v2\/pages\/1043","targetHints":{"allow":["GET"]}}],"collection":[{"href":"https:\/\/centrokaizen.cl\/index.php?rest_route=\/wp\/v2\/pages"}],"about":[{"href":"https:\/\/centrokaizen.cl\/index.php?rest_route=\/wp\/v2\/types\/page"}],"author":[{"embeddable":true,"href":"https:\/\/centrokaizen.cl\/index.php?rest_route=\/wp\/v2\/users\/2"}],"replies":[{"embeddable":true,"href":"https:\/\/centrokaizen.cl\/index.php?rest_route=%2Fwp%2Fv2%2Fcomments&post=1043"}],"version-history":[{"count":4,"href":"https:\/\/centrokaizen.cl\/index.php?rest_route=\/wp\/v2\/pages\/1043\/revisions"}],"predecessor-version":[{"id":1051,"href":"https:\/\/centrokaizen.cl\/index.php?rest_route=\/wp\/v2\/pages\/1043\/revisions\/1051"}],"wp:featuredmedia":[{"embeddable":true,"href":"https:\/\/centrokaizen.cl\/index.php?rest_route=\/wp\/v2\/media\/1045"}],"wp:attachment":[{"href":"https:\/\/centrokaizen.cl\/index.php?rest_route=%2Fwp%2Fv2%2Fmedia&parent=1043"}],"curies":[{"name":"wp","href":"https:\/\/api.w.org\/{rel}","templated":true}]}}