{"id":30,"date":"2024-03-22T10:09:05","date_gmt":"2024-03-22T10:09:05","guid":{"rendered":"https:\/\/centrokaizen.cl\/bienvenidos\/?page_id=30"},"modified":"2025-01-31T18:59:55","modified_gmt":"2025-01-31T18:59:55","slug":"terapias","status":"publish","type":"page","link":"https:\/\/centrokaizen.cl\/?page_id=30","title":{"rendered":"Terapias"},"content":{"rendered":"\n<hr class=\"wp-block-separator has-text-color has-vivid-cyan-blue-color has-alpha-channel-opacity has-vivid-cyan-blue-background-color has-background is-style-wide\"\/>\n\n\n\n<p><strong>PSICOTERAPIA INDIVIDUAL:<\/strong><br>La terapia individual es un tratamiento de colaboraci\u00f3n basado en la relaci\u00f3n entre una persona y el psic\u00f3logo o psic\u00f3loga donde a trav\u00e9s de un ambiente c\u00e1lido, de apoyo, de aceptaci\u00f3n y confidencialidad, utilizando el di\u00e1logo como principal herramienta, se busca que el paciente pueda hablar abiertamente con alguien objetivo, neutral e imparcial que le ayude a aliviar las situaciones que lo aquejan. La psicoterapia puede ayudar a encontrar alivio a situaciones como; conflictos personales, de pareja o con otras personas; ansiedad o estr\u00e9s; cambios importantes de la vida, como divorcio, muerte de un ser querido o mascota o la p\u00e9rdida de un trabajo; control de reacciones poco saludables, como comportamientos agresivos; asumir un problema de salud grave o en curso; recuperarse de un abuso f\u00edsico o sexual, o de presenciar actos de violencia; problemas sexuales de causa f\u00edsica o psicol\u00f3gica; higiene del sue\u00f1o o mejor dormir, entre otros. <\/p>\n\n\n\n<hr class=\"wp-block-separator has-alpha-channel-opacity is-style-wide\"\/>\n\n\n\n<p><br><strong>TERAPIA DBT EST\u00c1NDAR:<\/strong> <br>La Terapia Dial\u00e9ctico Conductual (DBT Est\u00e1ndar), fue creada por la estadounidense Marsha Linehan, doctora en psicolog\u00eda, profesora e investigadora de la Universidad de Loyola. Es un modelo terap\u00e9utico orientado a pacientes con desregulaci\u00f3n emocional o trastorno l\u00edmite de la personalidad, trastornos depresivos, descontrol de impulsos, conductas de auto da\u00f1o y\/o suicidas. Es una terapia estructurada de duraci\u00f3n aproximada de un a\u00f1o y validada cient\u00edficamente. Los pilares fundamentales son la terapia cognitivo conductual, la filosof\u00eda dial\u00e9ctica y pr\u00e1ctica Zen. De la Dial\u00e9ctica se ense\u00f1a una manera de ver la realidad por medio de un equilibrio entre la aceptaci\u00f3n y el cambio, conect\u00e1ndose con el momento presente (Mindfulness) como mecanismo para reducir el sufrimiento. Para mayor informaci\u00f3n descargue el informativo que contiene detalle del programa.<\/p>\n\n\n\n<hr class=\"wp-block-separator has-alpha-channel-opacity is-style-wide\"\/>\n\n\n\n<p><strong>TERAPIA DBT SUD PARA TRATAR USO DE SUSTANCIAS (Substance Use Disorder):<br><\/strong>Terapia Dial\u00e9ctico Conductual adaptado a personas que tienen problemas por uso de sustancias. Donde se a\u00f1ade informaci\u00f3n adem\u00e1s sobre conductas adictivas en general y como muchas veces las mismas crisis pueden ser consideradas una adicci\u00f3n. Se organizan las habilidades en funci\u00f3n de aspectos relevantes del uso de drogas.<\/p>\n\n\n\n<div class=\"wp-block-buttons is-layout-flex wp-block-buttons-is-layout-flex\">\n<div class=\"wp-block-button\"><a class=\"wp-block-button__link wp-element-button\" href=\"https:\/\/centrokaizen.cl\/wp-content\/uploads\/2024\/12\/informativo_dbt_kaizen_spa_actualizado_dic_2024.pdf\" target=\"_blank\" rel=\"noreferrer noopener\">\u00a1Descarga ahora!<\/a><\/div>\n<\/div>\n\n\n\n<p><\/p>\n\n\n\n<hr class=\"wp-block-separator has-alpha-channel-opacity is-style-wide\"\/>\n\n\n\n<p><strong>TERAPIA DBT-C PARA TRATAR NI\u00d1OS:<br><\/strong>Terapia Dial\u00e9ctico Conductual orientada a entregar herramientas de regulaci\u00f3n emocional a padres e hijos que viven situaciones de hiperreactividad, descontrol de impulso, pataletas o problemas de relaci\u00f3n con sus pares.<br>Es una terapia estructurada que fue reformulada y adaptada por terapeutas norteamericanos y chilenos desde los elementos esenciales de DBT est\u00e1ndar.<\/p>\n\n\n\n<div class=\"wp-block-buttons is-layout-flex wp-block-buttons-is-layout-flex\">\n<div class=\"wp-block-button\"><a class=\"wp-block-button__link wp-element-button\" href=\"https:\/\/centrokaizen.cl\/wp-content\/uploads\/2025\/01\/INFORMATIVO_DBTC_2025.pdf\" target=\"_blank\" rel=\"noreferrer noopener\">\u00a1Descarga ahora!<\/a><\/div>\n<\/div>\n\n\n\n<p><\/p>\n\n\n\n<hr class=\"wp-block-separator has-alpha-channel-opacity is-style-wide\"\/>\n\n\n\n<p><strong>EMDR:<\/strong><\/p>\n\n\n\n<p>EMDR (Eye Movement Desensitization and Reprocessing) es un modelo terap\u00e9utico creado por Francine Shapiro, doctorada en Psicolog\u00eda en la Escuela Profesional de Estudios Psicol\u00f3gicos de San Diego, e Investigadora Em\u00e9rita del Instituto de Investigaci\u00f3n Mental de Palo Alto (Mental Research Institute of Palo Alto).<br>Este modelo terap\u00e9utico integral busca generar alivio sintom\u00e1tico y ps\u00edquico de eventos traum\u00e1ticos tales como: accidentes, robos, violencia, agresiones de todo tipo, abusos, etc., eventos que son almacenados desadaptativamente en el cerebro generando perturbaci\u00f3n intensa.<br>El tratamiento se realiza a trav\u00e9s de la desensibilizaci\u00f3n y el reprocesamiento de estas memorias por medio de movimientos oculares o estimulaci\u00f3n bilateral, con la finalidad de que vuelvan a ser almacenadas de manera adaptativa y de esta forma los pacientes puedan recuperar su calidad de vida y salud mental.<br>EMDR ha sido reconocida como una terapia efectiva para superar acontecimientos traum\u00e1ticos, siendo validada y certificada por la Organizaci\u00f3n Mundial de la Salud (OMS) el a\u00f1o 2013 y fue recomendada para ser usada en ni\u00f1os, adolescentes y adultos.<\/p>\n\n\n\n<p><\/p>\n\n\n\n<hr class=\"wp-block-separator has-alpha-channel-opacity is-style-wide\"\/>\n\n\n\n<p><strong>LIFE COACHING:<\/strong> <br>El Life coaching es un proceso de acompa\u00f1amiento reflexivo y creativo que inspira al cliente a maximizar su potencial personal y profesional. Apunta a que las personas sean m\u00e1s conscientes sobre s\u00ed mismas, sobre su situaci\u00f3n particular y sobre las opciones de que disponen para lograr sus objetivos.<br>El coach, a trav\u00e9s de una conducta curiosa y atrevida, acompa\u00f1ar\u00e1 al cliente a encontrar nuevas soluciones y opciones en lugares en los que a\u00fan no hab\u00eda buscado.<br>El coach fomentar\u00e1 la exploraci\u00f3n, reflexi\u00f3n y toma de conciencia del coachee, en b\u00fasqueda de la creaci\u00f3n de nuevos recursos, habilidades y actitudes que le ayuden a identificar sus puntos ciegos o creencias limitantes y de esta manera avanzar hacia los objetivos declarados en el \u00abAcuerdo Inicial del proceso de Coaching\u00bb.<br>Se realiza en sesiones individuales de una duraci\u00f3n de 40 minutos de manera presencial o virtual.<br>En la sesi\u00f3n inicial se establece un objetivo de proceso con indicadores espec\u00edficos que son las claves del \u00e9xito del mismo. Este proceso de acompa\u00f1amiento tiene una duraci\u00f3n en el tiempo no superior a las 12 sesiones.<\/p>\n","protected":false},"excerpt":{"rendered":"<p>PSICOTERAPIA INDIVIDUAL:La terapia individual es un tratamiento de colaboraci\u00f3n basado en la relaci\u00f3n entre una persona y el psic\u00f3logo o psic\u00f3loga donde a trav\u00e9s de un ambiente c\u00e1lido, de apoyo, de aceptaci\u00f3n y confidencialidad, utilizando el di\u00e1logo como principal herramienta, se busca que el paciente pueda hablar abiertamente con alguien objetivo, neutral e imparcial que &hellip; <\/p>\n<p class=\"link-more\"><a href=\"https:\/\/centrokaizen.cl\/?page_id=30\" class=\"more-link\">Continuar leyendo<span class=\"screen-reader-text\"> \u00abTerapias\u00bb<\/span><\/a><\/p>\n","protected":false},"author":2,"featured_media":519,"parent":0,"menu_order":0,"comment_status":"closed","ping_status":"closed","template":"","meta":{"footnotes":""},"class_list":["post-30","page","type-page","status-publish","has-post-thumbnail","hentry"],"_links":{"self":[{"href":"https:\/\/centrokaizen.cl\/index.php?rest_route=\/wp\/v2\/pages\/30","targetHints":{"allow":["GET"]}}],"collection":[{"href":"https:\/\/centrokaizen.cl\/index.php?rest_route=\/wp\/v2\/pages"}],"about":[{"href":"https:\/\/centrokaizen.cl\/index.php?rest_route=\/wp\/v2\/types\/page"}],"author":[{"embeddable":true,"href":"https:\/\/centrokaizen.cl\/index.php?rest_route=\/wp\/v2\/users\/2"}],"replies":[{"embeddable":true,"href":"https:\/\/centrokaizen.cl\/index.php?rest_route=%2Fwp%2Fv2%2Fcomments&post=30"}],"version-history":[{"count":50,"href":"https:\/\/centrokaizen.cl\/index.php?rest_route=\/wp\/v2\/pages\/30\/revisions"}],"predecessor-version":[{"id":827,"href":"https:\/\/centrokaizen.cl\/index.php?rest_route=\/wp\/v2\/pages\/30\/revisions\/827"}],"wp:featuredmedia":[{"embeddable":true,"href":"https:\/\/centrokaizen.cl\/index.php?rest_route=\/wp\/v2\/media\/519"}],"wp:attachment":[{"href":"https:\/\/centrokaizen.cl\/index.php?rest_route=%2Fwp%2Fv2%2Fmedia&parent=30"}],"curies":[{"name":"wp","href":"https:\/\/api.w.org\/{rel}","templated":true}]}}