{"id":31,"date":"2024-03-22T10:09:05","date_gmt":"2024-03-22T10:09:05","guid":{"rendered":"https:\/\/centrokaizen.cl\/bienvenidos\/?page_id=31"},"modified":"2024-07-01T16:05:33","modified_gmt":"2024-07-01T16:05:33","slug":"servicios","status":"publish","type":"page","link":"https:\/\/centrokaizen.cl\/?page_id=31","title":{"rendered":"Servicios"},"content":{"rendered":"\n<p><strong>CAPACITACIONES<\/strong><\/p>\n\n\n\n<p>Desarrollamos programas que se ajusten a las necesidades de nuestros clientes en tem\u00e1ticas como: liderazgo y habilidades psicolaborales; administraci\u00f3n y organizaci\u00f3n del tiempo; riesgos psicosociales; comunicaci\u00f3n efectiva; gesti\u00f3n emocional.<\/p>\n\n\n\n<p><strong>TALLERES PSICOEDUCATIVOS<\/strong><br><\/p>\n\n\n\n<p>Realizamos charlas y talleres psicoeducativos para comunidades escolares, (alumnos, padres, apoderados, personal docente) hogares de adulto mayor, jardines infantiles. Utilizamos modalidad presencial, online o streaming.<\/p>\n\n\n\n<p><strong>ASESOR\u00cdAS PARA LA IMPLEMENTACI\u00d3N DE PROGRAMAS DE BENEFICIOS Y CALIDAD DE VIDA<\/strong><\/p>\n\n\n\n<p>Acompa\u00f1amos el proceso de definici\u00f3n de beneficios y pol\u00edticas de las \u00e1reas de Recursos Humanos para el fomento de climas laborales efectivos y sistemas de compensaci\u00f3n que se ajusten a los nuevos requerimientos empresariales.<\/p>\n\n\n\n<p><strong>EVALUACIONES PSICOSOCIALES Y SOCIOECONOMICAS<\/strong><\/p>\n\n\n\n<p>Realizamos informes psicol\u00f3gicos y sociales para, personas, colegios y empresas.<\/p>\n","protected":false},"excerpt":{"rendered":"<p>CAPACITACIONES Desarrollamos programas que se ajusten a las necesidades de nuestros clientes en tem\u00e1ticas como: liderazgo y habilidades psicolaborales; administraci\u00f3n y organizaci\u00f3n del tiempo; riesgos psicosociales; comunicaci\u00f3n efectiva; gesti\u00f3n emocional. TALLERES PSICOEDUCATIVOS Realizamos charlas y talleres psicoeducativos para comunidades escolares, (alumnos, padres, apoderados, personal docente) hogares de adulto mayor, jardines infantiles. Utilizamos modalidad presencial, online &hellip; <\/p>\n<p class=\"link-more\"><a href=\"https:\/\/centrokaizen.cl\/?page_id=31\" class=\"more-link\">Continuar leyendo<span class=\"screen-reader-text\"> \u00abServicios\u00bb<\/span><\/a><\/p>\n","protected":false},"author":2,"featured_media":568,"parent":0,"menu_order":0,"comment_status":"closed","ping_status":"closed","template":"","meta":{"footnotes":""},"class_list":["post-31","page","type-page","status-publish","has-post-thumbnail","hentry"],"_links":{"self":[{"href":"https:\/\/centrokaizen.cl\/index.php?rest_route=\/wp\/v2\/pages\/31","targetHints":{"allow":["GET"]}}],"collection":[{"href":"https:\/\/centrokaizen.cl\/index.php?rest_route=\/wp\/v2\/pages"}],"about":[{"href":"https:\/\/centrokaizen.cl\/index.php?rest_route=\/wp\/v2\/types\/page"}],"author":[{"embeddable":true,"href":"https:\/\/centrokaizen.cl\/index.php?rest_route=\/wp\/v2\/users\/2"}],"replies":[{"embeddable":true,"href":"https:\/\/centrokaizen.cl\/index.php?rest_route=%2Fwp%2Fv2%2Fcomments&post=31"}],"version-history":[{"count":20,"href":"https:\/\/centrokaizen.cl\/index.php?rest_route=\/wp\/v2\/pages\/31\/revisions"}],"predecessor-version":[{"id":691,"href":"https:\/\/centrokaizen.cl\/index.php?rest_route=\/wp\/v2\/pages\/31\/revisions\/691"}],"wp:featuredmedia":[{"embeddable":true,"href":"https:\/\/centrokaizen.cl\/index.php?rest_route=\/wp\/v2\/media\/568"}],"wp:attachment":[{"href":"https:\/\/centrokaizen.cl\/index.php?rest_route=%2Fwp%2Fv2%2Fmedia&parent=31"}],"curies":[{"name":"wp","href":"https:\/\/api.w.org\/{rel}","templated":true}]}}