{"id":492,"date":"2024-05-13T16:10:00","date_gmt":"2024-05-13T16:10:00","guid":{"rendered":"https:\/\/centrokaizen.cl\/bienvenidos\/?page_id=492"},"modified":"2025-08-05T23:40:08","modified_gmt":"2025-08-05T23:40:08","slug":"videos","status":"publish","type":"page","link":"https:\/\/centrokaizen.cl\/?page_id=492","title":{"rendered":"Videos"},"content":{"rendered":"\n<h3 class=\"wp-block-heading\"><strong>El verdadero valor del anillo | Audio cuentos infantiles<\/strong><\/h3>\n\n\n\n<p class=\"has-text-align-center p1\"><iframe loading=\"lazy\" title=\"YouTube video player\" src=\"https:\/\/www.youtube.com\/embed\/FgVs4Ztm9fo?si=K-oSJYN8IYUxUtci\" width=\"560\" height=\"315\" frameborder=\"0\"><\/iframe><\/p>\n\n\n\n<h3 class=\"wp-block-heading\"><strong>Qu\u00e9 es la t\u00e9cnica EMDR y c\u00f3mo se aplica en tratamientos psicol\u00f3gicos<\/strong><\/h3>\n\n\n\n<p class=\"has-text-align-center p1\"><iframe loading=\"lazy\" title=\"YouTube video player\" src=\"https:\/\/www.youtube.com\/embed\/FjBbvLGTuDE?si=P_K5_0NjuY0V3ERh\" width=\"560\" height=\"315\" frameborder=\"0\"><\/iframe><\/p>\n\n\n\n<h3 class=\"wp-block-heading style-scope ytd-watch-metadata\"><strong>Habilidades QU\u00c9&nbsp; de Mindfulness<\/strong><\/h3>\n\n\n\n<p class=\"has-text-align-center\"><iframe loading=\"lazy\" title=\"YouTube video player\" src=\"https:\/\/www.youtube.com\/embed\/RX5dxKBJS0Q?si=PlZ0vkEiXQINeJSE\" width=\"560\" height=\"315\" frameborder=\"0\"><\/iframe><\/p>\n\n\n\n<h3 class=\"wp-block-heading\"><strong>Habilidades C\u00d3MO de Mindfulness<\/strong><\/h3>\n\n\n\n<p class=\"has-text-align-center\"><iframe loading=\"lazy\" width=\"560\" height=\"315\" src=\"https:\/\/www.youtube.com\/embed\/i5HAXsgKfc8?si=HuvYsV_36MvcPAWC\" title=\"YouTube video player\" frameborder=\"0\" allow=\"accelerometer; autoplay; clipboard-write; encrypted-media; gyroscope; picture-in-picture; web-share\" referrerpolicy=\"strict-origin-when-cross-origin\" allowfullscreen=\"\"><\/iframe><\/p>\n\n\n\n<h3 class=\"wp-block-heading\"><strong>Validaci\u00f3n &#8211; DBT Micro Lessons<\/strong><\/h3>\n\n\n\n<p class=\"has-text-align-center\"><iframe loading=\"lazy\" width=\"560\" height=\"315\" src=\"https:\/\/www.youtube.com\/embed\/GhOyT7x8vfc?si=Zxae-xTr-n_SkVlR\" title=\"YouTube video player\" frameborder=\"0\" allow=\"accelerometer; autoplay; clipboard-write; encrypted-media; gyroscope; picture-in-picture; web-share\" referrerpolicy=\"strict-origin-when-cross-origin\" allowfullscreen=\"\"><\/iframe><\/p>\n\n\n\n<h3 class=\"wp-block-heading\"><strong>\u00bfQu\u00e9 es mindfulness? Atenci\u00f3n plena en espa\u00f1ol<\/strong><\/h3>\n\n\n\n<p class=\"has-text-align-center\"><iframe loading=\"lazy\" width=\"560\" height=\"315\" src=\"https:\/\/www.youtube.com\/embed\/Gq7jTUYtOz4?si=jp2NYbaaGtlV5yyC\" title=\"YouTube video player\" frameborder=\"0\" allow=\"accelerometer; autoplay; clipboard-write; encrypted-media; gyroscope; picture-in-picture; web-share\" referrerpolicy=\"strict-origin-when-cross-origin\" allowfullscreen=\"\"><\/iframe><\/p>\n\n\n\n<h3 class=\"wp-block-heading\"><strong>\u00bfQu\u00e9 es MINDFULNESS y para qu\u00e9 sirve?<\/strong><\/h3>\n\n\n\n<p class=\"has-text-align-center\"><iframe loading=\"lazy\" width=\"560\" height=\"315\" src=\"https:\/\/www.youtube.com\/embed\/ekxke0ObAJo?si=UOfJLpHywaVZWQ6e\" title=\"YouTube video player\" frameborder=\"0\" allow=\"accelerometer; autoplay; clipboard-write; encrypted-media; gyroscope; picture-in-picture; web-share\" referrerpolicy=\"strict-origin-when-cross-origin\" allowfullscreen=\"\"><\/iframe><\/p>\n\n\n\n<h3 class=\"wp-block-heading\"><strong>DBT TIP Skill (en Espa\u00f1ol)<\/strong><\/h3>\n\n\n\n<p class=\"has-text-align-center\"><iframe loading=\"lazy\" width=\"560\" height=\"315\" src=\"https:\/\/www.youtube.com\/embed\/sWojTjRjxj8?si=hwcYTlJoZJmSip8O\" title=\"YouTube video player\" frameborder=\"0\" allow=\"accelerometer; autoplay; clipboard-write; encrypted-media; gyroscope; picture-in-picture; web-share\" referrerpolicy=\"strict-origin-when-cross-origin\" allowfullscreen=\"\"><\/iframe><\/p>\n\n\n\n<h3 class=\"wp-block-heading\"><strong>DBT DEARMAN Skill (en Espa\u00f1ol)<\/strong><\/h3>\n\n\n\n<p class=\"has-text-align-center\"><iframe loading=\"lazy\" width=\"560\" height=\"315\" src=\"https:\/\/www.youtube.com\/embed\/eVqWl1Sfav8?si=3XGkc_8Pa7WbuZHy\" title=\"YouTube video player\" frameborder=\"0\" allow=\"accelerometer; autoplay; clipboard-write; encrypted-media; gyroscope; picture-in-picture; web-share\" referrerpolicy=\"strict-origin-when-cross-origin\" allowfullscreen=\"\"><\/iframe><\/p>\n\n\n\n<h3 class=\"wp-block-heading\"><strong>DBT GIVE Skill (en Espa\u00f1ol)<\/strong><\/h3>\n\n\n\n<p class=\"has-text-align-center\"><iframe loading=\"lazy\" width=\"560\" height=\"315\" src=\"https:\/\/www.youtube.com\/embed\/L-8P4PovbqA?si=HLYtAebKrylP6hjj\" title=\"YouTube video player\" frameborder=\"0\" allow=\"accelerometer; autoplay; clipboard-write; encrypted-media; gyroscope; picture-in-picture; web-share\" referrerpolicy=\"strict-origin-when-cross-origin\" allowfullscreen=\"\"><\/iframe><\/p>\n\n\n\n<h3 class=\"wp-block-heading\"><strong>DBT FAST Skill (en Espa\u00f1ol)<\/strong><\/h3>\n\n\n\n<p class=\"has-text-align-center\"><iframe loading=\"lazy\" width=\"560\" height=\"315\" src=\"https:\/\/www.youtube.com\/embed\/hp-n0Jg-1KI?si=tv2FHi4TRQRabLae\" title=\"YouTube video player\" frameborder=\"0\" allow=\"accelerometer; autoplay; clipboard-write; encrypted-media; gyroscope; picture-in-picture; web-share\" referrerpolicy=\"strict-origin-when-cross-origin\" allowfullscreen=\"\"><\/iframe><\/p>\n\n\n\n<h3 class=\"wp-block-heading\"><strong>Habilidades de regulaci\u00f3n emocional. Lic. Florencia Rebaudi. Kit de tolerancia al malestar.<\/strong><\/h3>\n\n\n\n<p class=\"has-text-align-center\"><iframe loading=\"lazy\" width=\"560\" height=\"315\" src=\"https:\/\/www.youtube.com\/embed\/DWcCEixoFoQ?si=4tDI_nx1Pg4liRJ5\" title=\"YouTube video player\" frameborder=\"0\" allow=\"accelerometer; autoplay; clipboard-write; encrypted-media; gyroscope; picture-in-picture; web-share\" referrerpolicy=\"strict-origin-when-cross-origin\" allowfullscreen=\"\"><\/iframe><\/p>\n\n\n\n<h3 class=\"wp-block-heading\"><strong>DBT Distress Tolerance Skill &#8211; IMPROVE the Moment (en Espa\u00f1ol)<\/strong><\/h3>\n\n\n\n<p class=\"has-text-align-center\"><iframe loading=\"lazy\" width=\"560\" height=\"315\" src=\"https:\/\/www.youtube.com\/embed\/SUSSl5vO27k?si=srdhTsvYfcZ6Ta0l\" title=\"YouTube video player\" frameborder=\"0\" allow=\"accelerometer; autoplay; clipboard-write; encrypted-media; gyroscope; picture-in-picture; web-share\" referrerpolicy=\"strict-origin-when-cross-origin\" allowfullscreen=\"\"><\/iframe><\/p>\n\n\n\n<h3 class=\"wp-block-heading\"><strong>Habilidades QU\u00c9 de Mindfulness<\/strong><\/h3>\n\n\n\n<p class=\"has-text-align-center\"><iframe loading=\"lazy\" width=\"560\" height=\"315\" src=\"https:\/\/www.youtube.com\/embed\/bFpDA59zyJU?si=sxnMAG4DlGr_rn90\" title=\"YouTube video player\" frameborder=\"0\" allow=\"accelerometer; autoplay; clipboard-write; encrypted-media; gyroscope; picture-in-picture; web-share\" referrerpolicy=\"strict-origin-when-cross-origin\" allowfullscreen=\"\"><\/iframe><\/p>\n","protected":false},"excerpt":{"rendered":"<p>El verdadero valor del anillo | Audio cuentos infantiles Qu\u00e9 es la t\u00e9cnica EMDR y c\u00f3mo se aplica en tratamientos psicol\u00f3gicos Habilidades QU\u00c9&nbsp; de Mindfulness Habilidades C\u00d3MO de Mindfulness Validaci\u00f3n &#8211; DBT Micro Lessons \u00bfQu\u00e9 es mindfulness? Atenci\u00f3n plena en espa\u00f1ol \u00bfQu\u00e9 es MINDFULNESS y para qu\u00e9 sirve? DBT TIP Skill (en Espa\u00f1ol) DBT DEARMAN &hellip; <\/p>\n<p class=\"link-more\"><a href=\"https:\/\/centrokaizen.cl\/?page_id=492\" class=\"more-link\">Continuar leyendo<span class=\"screen-reader-text\"> \u00abVideos\u00bb<\/span><\/a><\/p>\n","protected":false},"author":2,"featured_media":0,"parent":0,"menu_order":0,"comment_status":"closed","ping_status":"closed","template":"","meta":{"footnotes":""},"class_list":["post-492","page","type-page","status-publish","hentry"],"_links":{"self":[{"href":"https:\/\/centrokaizen.cl\/index.php?rest_route=\/wp\/v2\/pages\/492","targetHints":{"allow":["GET"]}}],"collection":[{"href":"https:\/\/centrokaizen.cl\/index.php?rest_route=\/wp\/v2\/pages"}],"about":[{"href":"https:\/\/centrokaizen.cl\/index.php?rest_route=\/wp\/v2\/types\/page"}],"author":[{"embeddable":true,"href":"https:\/\/centrokaizen.cl\/index.php?rest_route=\/wp\/v2\/users\/2"}],"replies":[{"embeddable":true,"href":"https:\/\/centrokaizen.cl\/index.php?rest_route=%2Fwp%2Fv2%2Fcomments&post=492"}],"version-history":[{"count":24,"href":"https:\/\/centrokaizen.cl\/index.php?rest_route=\/wp\/v2\/pages\/492\/revisions"}],"predecessor-version":[{"id":954,"href":"https:\/\/centrokaizen.cl\/index.php?rest_route=\/wp\/v2\/pages\/492\/revisions\/954"}],"wp:attachment":[{"href":"https:\/\/centrokaizen.cl\/index.php?rest_route=%2Fwp%2Fv2%2Fmedia&parent=492"}],"curies":[{"name":"wp","href":"https:\/\/api.w.org\/{rel}","templated":true}]}}