{"id":9,"date":"2024-03-22T10:04:41","date_gmt":"2024-03-22T10:04:41","guid":{"rendered":"https:\/\/centrokaizen.cl\/bienvenidos\/?page_id=9"},"modified":"2024-07-01T15:46:04","modified_gmt":"2024-07-01T15:46:04","slug":"inicio","status":"publish","type":"page","link":"https:\/\/centrokaizen.cl\/","title":{"rendered":"Bienvenidos"},"content":{"rendered":"\n<h3 class=\"wp-block-heading\"><strong>Centro Cl\u00ednico de Especialidades de Salud Mental.<\/strong><\/h3>\n\n\n\n<p>KaiZen es una palabra compuesta que se forma uniendo los vocablos \u00abkai\u00bb (cambio) y \u00abzen\u00bb (bondad). Significa \u00abmejora\u00bb, un cambio beneficioso que se alcanza paso a paso.<\/p>\n\n\n<p style=\"text-align: justify;\"> En KaiZen, nos motiva nuestra vocaci\u00f3n de servicio y el poder acompa\u00f1ar a las personas que presentan dificultades en el \u00e1mbito de salud mental de una manera c\u00e1lida, profesional  y personalizada.<\/p>\n\n\n<p><p style=\"text-align: justify;\"> Contamos con un equipo profesional multidisciplinario e instalaciones c\u00f3modas que incluyen, sala de espera,  box de terapia  cl\u00ednico, sala de reuniones  y estacionamiento para entregar un  servicio de calidad que responda a las necesidades de nuestros pacientes.<\/p><\/p>\n\n\n\n<p><p style=\"text-align: justify;\"><\/p><p style=\"text-align: justify;\"> Nuestro compromiso es ofrecer un ambiente seguro y acogedor donde   todos nuestros pacientes puedan explorar sus emociones, encontrar nuevas soluciones a sus problemas  y adquirir herramientas para  avanzar hacia una vida m\u00e1s plena y equilibrada.<br>Bienvenidos.<br><\/p><\/p>\n","protected":false},"excerpt":{"rendered":"<p>Centro Cl\u00ednico de Especialidades de Salud Mental. KaiZen es una palabra compuesta que se forma uniendo los vocablos \u00abkai\u00bb (cambio) y \u00abzen\u00bb (bondad). Significa \u00abmejora\u00bb, un cambio beneficioso que se alcanza paso a paso. En KaiZen, nos motiva nuestra vocaci\u00f3n de servicio y el poder acompa\u00f1ar a las personas que presentan dificultades en el \u00e1mbito &hellip; <\/p>\n<p class=\"link-more\"><a href=\"https:\/\/centrokaizen.cl\/\" class=\"more-link\">Continuar leyendo<span class=\"screen-reader-text\"> \u00abBienvenidos\u00bb<\/span><\/a><\/p>\n","protected":false},"author":2,"featured_media":521,"parent":0,"menu_order":0,"comment_status":"closed","ping_status":"closed","template":"","meta":{"footnotes":""},"class_list":["post-9","page","type-page","status-publish","has-post-thumbnail","hentry"],"_links":{"self":[{"href":"https:\/\/centrokaizen.cl\/index.php?rest_route=\/wp\/v2\/pages\/9","targetHints":{"allow":["GET"]}}],"collection":[{"href":"https:\/\/centrokaizen.cl\/index.php?rest_route=\/wp\/v2\/pages"}],"about":[{"href":"https:\/\/centrokaizen.cl\/index.php?rest_route=\/wp\/v2\/types\/page"}],"author":[{"embeddable":true,"href":"https:\/\/centrokaizen.cl\/index.php?rest_route=\/wp\/v2\/users\/2"}],"replies":[{"embeddable":true,"href":"https:\/\/centrokaizen.cl\/index.php?rest_route=%2Fwp%2Fv2%2Fcomments&post=9"}],"version-history":[{"count":19,"href":"https:\/\/centrokaizen.cl\/index.php?rest_route=\/wp\/v2\/pages\/9\/revisions"}],"predecessor-version":[{"id":683,"href":"https:\/\/centrokaizen.cl\/index.php?rest_route=\/wp\/v2\/pages\/9\/revisions\/683"}],"wp:featuredmedia":[{"embeddable":true,"href":"https:\/\/centrokaizen.cl\/index.php?rest_route=\/wp\/v2\/media\/521"}],"wp:attachment":[{"href":"https:\/\/centrokaizen.cl\/index.php?rest_route=%2Fwp%2Fv2%2Fmedia&parent=9"}],"curies":[{"name":"wp","href":"https:\/\/api.w.org\/{rel}","templated":true}]}}